{"id":9600,"date":"2025-08-20T13:20:47","date_gmt":"2025-08-20T11:20:47","guid":{"rendered":"https:\/\/www.carlossanchezvinos.com\/blog\/"},"modified":"2025-08-29T08:44:40","modified_gmt":"2025-08-29T06:44:40","slug":"blog","status":"publish","type":"page","link":"https:\/\/www.carlossanchezvinos.com\/en\/blog\/","title":{"rendered":"Blog"},"content":{"rendered":"\t\t<div data-elementor-type=\"wp-page\" data-elementor-id=\"9600\" class=\"elementor elementor-9600 elementor-8983\" data-elementor-settings=\"{&quot;ha_cmc_init_switcher&quot;:&quot;no&quot;}\">\n\t\t\t\t<div class=\"elementor-element elementor-element-771766d e-flex e-con-boxed e-con e-parent\" data-id=\"771766d\" data-element_type=\"container\" data-settings=\"{&quot;_ha_eqh_enable&quot;:false}\">\n\t\t\t\t\t<div class=\"e-con-inner\">\n\t\t\t\t<div class=\"elementor-element elementor-element-1c8ae8a elementor-invisible elementor-widget elementor-widget-heading\" data-id=\"1c8ae8a\" data-element_type=\"widget\" data-settings=\"{&quot;_animation&quot;:&quot;fadeInDown&quot;}\" data-widget_type=\"heading.default\">\n\t\t\t\t<div class=\"elementor-widget-container\">\n\t\t\t\t\t<h1 class=\"elementor-heading-title elementor-size-default\">Blog<\/h1>\t\t\t\t<\/div>\n\t\t\t\t<\/div>\n\t\t\t\t\t<\/div>\n\t\t\t\t<\/div>\n\t\t<div class=\"elementor-element elementor-element-b1bb7c0 e-con-full e-flex e-con e-parent\" data-id=\"b1bb7c0\" data-element_type=\"container\" data-settings=\"{&quot;_ha_eqh_enable&quot;:false}\">\n\t\t\t\t<div class=\"elementor-element elementor-element-1ade7f5 ha-content-center ha-layout-under_image ha-author-meta-after_title ha-date-position-block ha-image-animation-yes ha-arrow-sync-no elementor-widget elementor-widget-ha-post-carousel happy-addon ha-post-carousel happy-addon-pro\" data-id=\"1ade7f5\" data-element_type=\"widget\" data-settings=\"{&quot;slides_to_show&quot;:&quot;4&quot;,&quot;animation_speed&quot;:800,&quot;autoplay&quot;:&quot;yes&quot;,&quot;autoplay_speed&quot;:2000,&quot;loop&quot;:&quot;yes&quot;,&quot;navigation&quot;:&quot;arrow&quot;,&quot;slides_to_show_tablet&quot;:2,&quot;slides_to_show_mobile&quot;:1}\" data-widget_type=\"ha-post-carousel.default\">\n\t\t\t\t<div class=\"elementor-widget-container\">\n\t\t\t\t\t\t\t<div data-ha_rcc_uid=\"\" class=\"ha-posts-carousel-wrapper\">\n\t\t\t\t\t\t\t<div class=\"ha-posts-carousel-slick slick-slide\">\n\t\t\t\t<div class=\"ha-posts-carousel\">\n\n\t\t\t\t\t\t\t\t\t\t\t<div class=\"ha-posts-carousel__image ha-image-link\">\n\t\t\t\t\t\t\t<div class=\"ha-posts-carousel__feature-img\">\n\t\t\t\t\t\t\t\t<a href=\"https:\/\/www.carlossanchezvinos.com\/en\/new-vintages-on-the-horizon-what-2023-brings-us-2\/\">\n\t\t\t\t\t\t\t\t\t<span class=\"ha-posts-carousel__image-overlay\"><\/span>\n\t\t\t\t\t\t\t\t\t<img fetchpriority=\"high\" decoding=\"async\" width=\"800\" height=\"533\" src=\"https:\/\/www.carlossanchezvinos.com\/wp-content\/uploads\/2026\/01\/blog-CS-1200x800.jpg\" class=\"attachment-large size-large wp-post-image\" alt=\"\" srcset=\"https:\/\/www.carlossanchezvinos.com\/wp-content\/uploads\/2026\/01\/blog-CS-1200x800.jpg 1200w, https:\/\/www.carlossanchezvinos.com\/wp-content\/uploads\/2026\/01\/blog-CS-400x267.jpg 400w, https:\/\/www.carlossanchezvinos.com\/wp-content\/uploads\/2026\/01\/blog-CS-768x512.jpg 768w, https:\/\/www.carlossanchezvinos.com\/wp-content\/uploads\/2026\/01\/blog-CS-1536x1024.jpg 1536w, https:\/\/www.carlossanchezvinos.com\/wp-content\/uploads\/2026\/01\/blog-CS-2048x1366.jpg 2048w\" sizes=\"(max-width: 800px) 100vw, 800px\" \/>\t\t\t\t\t\t\t\t<\/a>\n\t\t\t\t\t\t\t<\/div>\n\t\t\t\t\t\t<\/div>\n\t\t\t\t\t\n\t\t\t\t\t<div class=\"ha-posts-carousel__content-position\">\n\t\t\t\t\t<div class=\"ha-posts-carousel__content-wrap\">\n\t\t\t\t\t\t\n\t\t\t\t\t\t<div class=\"ha-posts-carousel__title\">\n\t\t\t\t\t\t\t<a href=\"https:\/\/www.carlossanchezvinos.com\/en\/new-vintages-on-the-horizon-what-2023-brings-us-2\/\">\n\t\t\t\t\t\t\t\t2025 at Carlos S\u00e1nchez: Laughter, grapes, and a few memorable toasts\t\t\t\t\t\t\t<\/a>\n\t\t\t\t\t\t<\/div>\n\n\t\t\t\t\t\t<div class=\"ha-posts-carousel__content-text\">\n\t\t\t\t\t\t\t<div class=\"ha-posts-carousel__meta\">\n\t\t\t\t\t\t\t\t\n\t\t\t\t\t\t\t\t<div class=\"ha-posts-carousel__meta-author-name\">\n\t\t\t\t\t\t\t\t\t\n\t\t\t\t\t\t\t\t\t<div class=\"ha-posts-carousel__meta-date\">\n\t\t\t\t\t\t\t\t\t\t\t\t\t\t\t\t\t\t\t<\/div>\n\t\t\t\t\t\t\t\t<\/div>\n\t\t\t\t\t\t\t<\/div>\n\n\t\t\t\t\t\t\t\t\t\t\t\t\t<\/div>\n\n\t\t\t\t\t<\/div>\n\t\t\t\t\t<\/div>\n\n\t\t\t\t<\/div>\n\t\t\t\t<\/div>\n\t\t\t\t\t\t\t<div class=\"ha-posts-carousel-slick slick-slide\">\n\t\t\t\t<div class=\"ha-posts-carousel\">\n\n\t\t\t\t\t\t\t\t\t\t\t<div class=\"ha-posts-carousel__image ha-image-link\">\n\t\t\t\t\t\t\t<div class=\"ha-posts-carousel__feature-img\">\n\t\t\t\t\t\t\t\t<a href=\"https:\/\/www.carlossanchezvinos.com\/en\/new-vintages-on-the-horizon-what-2023-brings-us\/\">\n\t\t\t\t\t\t\t\t\t<span class=\"ha-posts-carousel__image-overlay\"><\/span>\n\t\t\t\t\t\t\t\t\t<img decoding=\"async\" width=\"800\" height=\"533\" src=\"https:\/\/www.carlossanchezvinos.com\/wp-content\/uploads\/2025\/08\/2023-1-1200x800.jpg\" class=\"attachment-large size-large wp-post-image\" alt=\"\" srcset=\"https:\/\/www.carlossanchezvinos.com\/wp-content\/uploads\/2025\/08\/2023-1-1200x800.jpg 1200w, https:\/\/www.carlossanchezvinos.com\/wp-content\/uploads\/2025\/08\/2023-1-400x267.jpg 400w, https:\/\/www.carlossanchezvinos.com\/wp-content\/uploads\/2025\/08\/2023-1-768x512.jpg 768w, https:\/\/www.carlossanchezvinos.com\/wp-content\/uploads\/2025\/08\/2023-1-1536x1024.jpg 1536w, https:\/\/www.carlossanchezvinos.com\/wp-content\/uploads\/2025\/08\/2023-1-2048x1365.jpg 2048w\" sizes=\"(max-width: 800px) 100vw, 800px\" \/>\t\t\t\t\t\t\t\t<\/a>\n\t\t\t\t\t\t\t<\/div>\n\t\t\t\t\t\t<\/div>\n\t\t\t\t\t\n\t\t\t\t\t<div class=\"ha-posts-carousel__content-position\">\n\t\t\t\t\t<div class=\"ha-posts-carousel__content-wrap\">\n\t\t\t\t\t\t\n\t\t\t\t\t\t<div class=\"ha-posts-carousel__title\">\n\t\t\t\t\t\t\t<a href=\"https:\/\/www.carlossanchezvinos.com\/en\/new-vintages-on-the-horizon-what-2023-brings-us\/\">\n\t\t\t\t\t\t\t\tNew Vintages on the Horizon: What 2023 Brings Us\t\t\t\t\t\t\t<\/a>\n\t\t\t\t\t\t<\/div>\n\n\t\t\t\t\t\t<div class=\"ha-posts-carousel__content-text\">\n\t\t\t\t\t\t\t<div class=\"ha-posts-carousel__meta\">\n\t\t\t\t\t\t\t\t\n\t\t\t\t\t\t\t\t<div class=\"ha-posts-carousel__meta-author-name\">\n\t\t\t\t\t\t\t\t\t\n\t\t\t\t\t\t\t\t\t<div class=\"ha-posts-carousel__meta-date\">\n\t\t\t\t\t\t\t\t\t\t\t\t\t\t\t\t\t\t\t<\/div>\n\t\t\t\t\t\t\t\t<\/div>\n\t\t\t\t\t\t\t<\/div>\n\n\t\t\t\t\t\t\t\t\t\t\t\t\t<\/div>\n\n\t\t\t\t\t<\/div>\n\t\t\t\t\t<\/div>\n\n\t\t\t\t<\/div>\n\t\t\t\t<\/div>\n\t\t\t\t\t\t\t<div class=\"ha-posts-carousel-slick slick-slide\">\n\t\t\t\t<div class=\"ha-posts-carousel\">\n\n\t\t\t\t\t\t\t\t\t\t\t<div class=\"ha-posts-carousel__image ha-image-link\">\n\t\t\t\t\t\t\t<div class=\"ha-posts-carousel__feature-img\">\n\t\t\t\t\t\t\t\t<a href=\"https:\/\/www.carlossanchezvinos.com\/en\/my-freehand-reflections\/\">\n\t\t\t\t\t\t\t\t\t<span class=\"ha-posts-carousel__image-overlay\"><\/span>\n\t\t\t\t\t\t\t\t\t<img decoding=\"async\" width=\"800\" height=\"533\" src=\"https:\/\/www.carlossanchezvinos.com\/wp-content\/uploads\/2025\/08\/Apuntes-1-1200x800.jpg\" class=\"attachment-large size-large wp-post-image\" alt=\"\" srcset=\"https:\/\/www.carlossanchezvinos.com\/wp-content\/uploads\/2025\/08\/Apuntes-1-1200x800.jpg 1200w, https:\/\/www.carlossanchezvinos.com\/wp-content\/uploads\/2025\/08\/Apuntes-1-400x267.jpg 400w, https:\/\/www.carlossanchezvinos.com\/wp-content\/uploads\/2025\/08\/Apuntes-1-768x512.jpg 768w, https:\/\/www.carlossanchezvinos.com\/wp-content\/uploads\/2025\/08\/Apuntes-1-1536x1024.jpg 1536w, https:\/\/www.carlossanchezvinos.com\/wp-content\/uploads\/2025\/08\/Apuntes-1-2048x1365.jpg 2048w\" sizes=\"(max-width: 800px) 100vw, 800px\" \/>\t\t\t\t\t\t\t\t<\/a>\n\t\t\t\t\t\t\t<\/div>\n\t\t\t\t\t\t<\/div>\n\t\t\t\t\t\n\t\t\t\t\t<div class=\"ha-posts-carousel__content-position\">\n\t\t\t\t\t<div class=\"ha-posts-carousel__content-wrap\">\n\t\t\t\t\t\t\n\t\t\t\t\t\t<div class=\"ha-posts-carousel__title\">\n\t\t\t\t\t\t\t<a href=\"https:\/\/www.carlossanchezvinos.com\/en\/my-freehand-reflections\/\">\n\t\t\t\t\t\t\t\tMy Freehand Reflections\t\t\t\t\t\t\t<\/a>\n\t\t\t\t\t\t<\/div>\n\n\t\t\t\t\t\t<div class=\"ha-posts-carousel__content-text\">\n\t\t\t\t\t\t\t<div class=\"ha-posts-carousel__meta\">\n\t\t\t\t\t\t\t\t\n\t\t\t\t\t\t\t\t<div class=\"ha-posts-carousel__meta-author-name\">\n\t\t\t\t\t\t\t\t\t\n\t\t\t\t\t\t\t\t\t<div class=\"ha-posts-carousel__meta-date\">\n\t\t\t\t\t\t\t\t\t\t\t\t\t\t\t\t\t\t\t<\/div>\n\t\t\t\t\t\t\t\t<\/div>\n\t\t\t\t\t\t\t<\/div>\n\n\t\t\t\t\t\t\t\t\t\t\t\t\t<\/div>\n\n\t\t\t\t\t<\/div>\n\t\t\t\t\t<\/div>\n\n\t\t\t\t<\/div>\n\t\t\t\t<\/div>\n\t\t\t\t\t\t\t<div class=\"ha-posts-carousel-slick slick-slide\">\n\t\t\t\t<div class=\"ha-posts-carousel\">\n\n\t\t\t\t\t\t\t\t\t\t\t<div class=\"ha-posts-carousel__image ha-image-link\">\n\t\t\t\t\t\t\t<div class=\"ha-posts-carousel__feature-img\">\n\t\t\t\t\t\t\t\t<a href=\"https:\/\/www.carlossanchezvinos.com\/en\/a-wines-identity-lies-in-the-soil\/\">\n\t\t\t\t\t\t\t\t\t<span class=\"ha-posts-carousel__image-overlay\"><\/span>\n\t\t\t\t\t\t\t\t\t<img loading=\"lazy\" decoding=\"async\" width=\"800\" height=\"533\" src=\"https:\/\/www.carlossanchezvinos.com\/wp-content\/uploads\/2025\/08\/Suelos-1-1200x800.jpg\" class=\"attachment-large size-large wp-post-image\" alt=\"\" srcset=\"https:\/\/www.carlossanchezvinos.com\/wp-content\/uploads\/2025\/08\/Suelos-1-1200x800.jpg 1200w, https:\/\/www.carlossanchezvinos.com\/wp-content\/uploads\/2025\/08\/Suelos-1-400x267.jpg 400w, https:\/\/www.carlossanchezvinos.com\/wp-content\/uploads\/2025\/08\/Suelos-1-768x512.jpg 768w, https:\/\/www.carlossanchezvinos.com\/wp-content\/uploads\/2025\/08\/Suelos-1.jpg 1440w\" sizes=\"(max-width: 800px) 100vw, 800px\" \/>\t\t\t\t\t\t\t\t<\/a>\n\t\t\t\t\t\t\t<\/div>\n\t\t\t\t\t\t<\/div>\n\t\t\t\t\t\n\t\t\t\t\t<div class=\"ha-posts-carousel__content-position\">\n\t\t\t\t\t<div class=\"ha-posts-carousel__content-wrap\">\n\t\t\t\t\t\t\n\t\t\t\t\t\t<div class=\"ha-posts-carousel__title\">\n\t\t\t\t\t\t\t<a href=\"https:\/\/www.carlossanchezvinos.com\/en\/a-wines-identity-lies-in-the-soil\/\">\n\t\t\t\t\t\t\t\tA Wine\u2019s identity lies in the soil\t\t\t\t\t\t\t<\/a>\n\t\t\t\t\t\t<\/div>\n\n\t\t\t\t\t\t<div class=\"ha-posts-carousel__content-text\">\n\t\t\t\t\t\t\t<div class=\"ha-posts-carousel__meta\">\n\t\t\t\t\t\t\t\t\n\t\t\t\t\t\t\t\t<div class=\"ha-posts-carousel__meta-author-name\">\n\t\t\t\t\t\t\t\t\t\n\t\t\t\t\t\t\t\t\t<div class=\"ha-posts-carousel__meta-date\">\n\t\t\t\t\t\t\t\t\t\t\t\t\t\t\t\t\t\t\t<\/div>\n\t\t\t\t\t\t\t\t<\/div>\n\t\t\t\t\t\t\t<\/div>\n\n\t\t\t\t\t\t\t\t\t\t\t\t\t<\/div>\n\n\t\t\t\t\t<\/div>\n\t\t\t\t\t<\/div>\n\n\t\t\t\t<\/div>\n\t\t\t\t<\/div>\n\t\t\t\t\t\t\t<div class=\"ha-posts-carousel-slick slick-slide\">\n\t\t\t\t<div class=\"ha-posts-carousel\">\n\n\t\t\t\t\t\t\t\t\t\t\t<div class=\"ha-posts-carousel__image ha-image-link\">\n\t\t\t\t\t\t\t<div class=\"ha-posts-carousel__feature-img\">\n\t\t\t\t\t\t\t\t<a href=\"https:\/\/www.carlossanchezvinos.com\/en\/living-vineyard-the-2025-cycles-evolution\/\">\n\t\t\t\t\t\t\t\t\t<span class=\"ha-posts-carousel__image-overlay\"><\/span>\n\t\t\t\t\t\t\t\t\t<img loading=\"lazy\" decoding=\"async\" width=\"800\" height=\"534\" src=\"https:\/\/www.carlossanchezvinos.com\/wp-content\/uploads\/2025\/08\/Evolucio_n-2025-2-1199x800.jpg\" class=\"attachment-large size-large wp-post-image\" alt=\"\" srcset=\"https:\/\/www.carlossanchezvinos.com\/wp-content\/uploads\/2025\/08\/Evolucio_n-2025-2-1199x800.jpg 1199w, https:\/\/www.carlossanchezvinos.com\/wp-content\/uploads\/2025\/08\/Evolucio_n-2025-2-400x267.jpg 400w, https:\/\/www.carlossanchezvinos.com\/wp-content\/uploads\/2025\/08\/Evolucio_n-2025-2-768x512.jpg 768w, https:\/\/www.carlossanchezvinos.com\/wp-content\/uploads\/2025\/08\/Evolucio_n-2025-2-1536x1025.jpg 1536w, https:\/\/www.carlossanchezvinos.com\/wp-content\/uploads\/2025\/08\/Evolucio_n-2025-2.jpg 2048w\" sizes=\"(max-width: 800px) 100vw, 800px\" \/>\t\t\t\t\t\t\t\t<\/a>\n\t\t\t\t\t\t\t<\/div>\n\t\t\t\t\t\t<\/div>\n\t\t\t\t\t\n\t\t\t\t\t<div class=\"ha-posts-carousel__content-position\">\n\t\t\t\t\t<div class=\"ha-posts-carousel__content-wrap\">\n\t\t\t\t\t\t\n\t\t\t\t\t\t<div class=\"ha-posts-carousel__title\">\n\t\t\t\t\t\t\t<a href=\"https:\/\/www.carlossanchezvinos.com\/en\/living-vineyard-the-2025-cycles-evolution\/\">\n\t\t\t\t\t\t\t\tLiving Vineyard: The 2025 cycle\u2019s evolution\t\t\t\t\t\t\t<\/a>\n\t\t\t\t\t\t<\/div>\n\n\t\t\t\t\t\t<div class=\"ha-posts-carousel__content-text\">\n\t\t\t\t\t\t\t<div class=\"ha-posts-carousel__meta\">\n\t\t\t\t\t\t\t\t\n\t\t\t\t\t\t\t\t<div class=\"ha-posts-carousel__meta-author-name\">\n\t\t\t\t\t\t\t\t\t\n\t\t\t\t\t\t\t\t\t<div class=\"ha-posts-carousel__meta-date\">\n\t\t\t\t\t\t\t\t\t\t\t\t\t\t\t\t\t\t\t<\/div>\n\t\t\t\t\t\t\t\t<\/div>\n\t\t\t\t\t\t\t<\/div>\n\n\t\t\t\t\t\t\t\t\t\t\t\t\t<\/div>\n\n\t\t\t\t\t<\/div>\n\t\t\t\t\t<\/div>\n\n\t\t\t\t<\/div>\n\t\t\t\t<\/div>\n\t\t\t\n\t\t<\/div>\n\t\t\t\t\t\t<\/div>\n\t\t\t\t<\/div>\n\t\t\t\t<\/div>\n\t\t\t\t<\/div>\n\t\t","protected":false},"excerpt":{"rendered":"<p>Blog Nuevas a\u00f1adas en el horizonte: lo que nos trae 2023 Mis reflexiones a mano alzada La identidad de un vino est\u00e1 en el suelo Vi\u00f1edo vivo: evoluci\u00f3n del ciclo 2025 Nuevo vino: presentaci\u00f3n de VERAVIER La Piedad 2023<\/p>\n","protected":false},"author":1,"featured_media":0,"parent":0,"menu_order":0,"comment_status":"closed","ping_status":"closed","template":"","meta":{"footnotes":""},"class_list":["post-9600","page","type-page","status-publish","hentry"],"aioseo_notices":[],"_links":{"self":[{"href":"https:\/\/www.carlossanchezvinos.com\/en\/wp-json\/wp\/v2\/pages\/9600","targetHints":{"allow":["GET"]}}],"collection":[{"href":"https:\/\/www.carlossanchezvinos.com\/en\/wp-json\/wp\/v2\/pages"}],"about":[{"href":"https:\/\/www.carlossanchezvinos.com\/en\/wp-json\/wp\/v2\/types\/page"}],"author":[{"embeddable":true,"href":"https:\/\/www.carlossanchezvinos.com\/en\/wp-json\/wp\/v2\/users\/1"}],"replies":[{"embeddable":true,"href":"https:\/\/www.carlossanchezvinos.com\/en\/wp-json\/wp\/v2\/comments?post=9600"}],"version-history":[{"count":1,"href":"https:\/\/www.carlossanchezvinos.com\/en\/wp-json\/wp\/v2\/pages\/9600\/revisions"}],"predecessor-version":[{"id":9601,"href":"https:\/\/www.carlossanchezvinos.com\/en\/wp-json\/wp\/v2\/pages\/9600\/revisions\/9601"}],"wp:attachment":[{"href":"https:\/\/www.carlossanchezvinos.com\/en\/wp-json\/wp\/v2\/media?parent=9600"}],"curies":[{"name":"wp","href":"https:\/\/api.w.org\/{rel}","templated":true}]}}