{"id":9596,"date":"2025-08-28T17:03:50","date_gmt":"2025-08-28T15:03:50","guid":{"rendered":"https:\/\/www.carlossanchezvinos.com\/projects\/"},"modified":"2025-08-28T17:07:31","modified_gmt":"2025-08-28T15:07:31","slug":"projects","status":"publish","type":"page","link":"https:\/\/www.carlossanchezvinos.com\/en\/projects\/","title":{"rendered":"Projects"},"content":{"rendered":"\t\t<div data-elementor-type=\"wp-page\" data-elementor-id=\"9596\" class=\"elementor elementor-9596 elementor-9594\" data-elementor-settings=\"{&quot;ha_cmc_init_switcher&quot;:&quot;no&quot;}\">\n\t\t\t\t<div class=\"elementor-element elementor-element-33ae37a e-flex e-con-boxed e-con e-parent\" data-id=\"33ae37a\" data-element_type=\"container\" data-settings=\"{&quot;_ha_eqh_enable&quot;:false}\">\n\t\t\t\t\t<div class=\"e-con-inner\">\n\t\t\t\t<div class=\"elementor-element elementor-element-1c4c569 elementor-invisible elementor-widget elementor-widget-heading\" data-id=\"1c4c569\" data-element_type=\"widget\" data-settings=\"{&quot;_animation&quot;:&quot;fadeInDown&quot;}\" data-widget_type=\"heading.default\">\n\t\t\t\t<div class=\"elementor-widget-container\">\n\t\t\t\t\t<h1 class=\"elementor-heading-title elementor-size-default\">Projects<\/h1>\t\t\t\t<\/div>\n\t\t\t\t<\/div>\n\t\t\t\t\t<\/div>\n\t\t\t\t<\/div>\n\t\t<div class=\"elementor-element elementor-element-e353b99 elementor-hidden-tablet elementor-hidden-mobile e-flex e-con-boxed e-con e-parent\" data-id=\"e353b99\" data-element_type=\"container\" data-settings=\"{&quot;_ha_eqh_enable&quot;:false}\">\n\t\t\t\t\t<div class=\"e-con-inner\">\n\t\t<div class=\"elementor-element elementor-element-05f61f7 e-con-full e-flex e-con e-child\" data-id=\"05f61f7\" data-element_type=\"container\" data-settings=\"{&quot;background_background&quot;:&quot;classic&quot;,&quot;animation&quot;:&quot;none&quot;,&quot;_ha_eqh_enable&quot;:false}\">\n\t\t\t\t<div class=\"elementor-element elementor-element-8386a89 elementor-absolute elementor-widget elementor-widget-image\" data-id=\"8386a89\" data-element_type=\"widget\" data-settings=\"{&quot;_position&quot;:&quot;absolute&quot;}\" data-widget_type=\"image.default\">\n\t\t\t\t<div class=\"elementor-widget-container\">\n\t\t\t\t\t\t\t\t\t\t\t\t\t\t\t\t<a href=\"#3vinerones\">\n\t\t\t\t\t\t\t<img fetchpriority=\"high\" decoding=\"async\" width=\"533\" height=\"800\" src=\"https:\/\/www.carlossanchezvinos.com\/wp-content\/uploads\/2025\/08\/3-VINERONES-2-1-533x800.jpg\" class=\"attachment-large size-large wp-image-9452\" alt=\"\" srcset=\"https:\/\/www.carlossanchezvinos.com\/wp-content\/uploads\/2025\/08\/3-VINERONES-2-1-533x800.jpg 533w, https:\/\/www.carlossanchezvinos.com\/wp-content\/uploads\/2025\/08\/3-VINERONES-2-1-200x300.jpg 200w, https:\/\/www.carlossanchezvinos.com\/wp-content\/uploads\/2025\/08\/3-VINERONES-2-1.jpg 720w\" sizes=\"(max-width: 533px) 100vw, 533px\" \/>\t\t\t\t\t\t\t\t<\/a>\n\t\t\t\t\t\t\t\t\t\t\t\t\t\t\t<\/div>\n\t\t\t\t<\/div>\n\t\t\t\t<div class=\"elementor-element elementor-element-9c87903 hover-box elementor-widget elementor-widget-heading\" data-id=\"9c87903\" data-element_type=\"widget\" data-widget_type=\"heading.default\">\n\t\t\t\t<div class=\"elementor-widget-container\">\n\t\t\t\t\t<h2 class=\"elementor-heading-title elementor-size-default\"><a href=\"#3vinerones\">3 Vi\u00f1erones<\/a><\/h2>\t\t\t\t<\/div>\n\t\t\t\t<\/div>\n\t\t\t\t<\/div>\n\t\t<div class=\"elementor-element elementor-element-b2ed6a5 e-con-full e-flex e-con e-child\" data-id=\"b2ed6a5\" data-element_type=\"container\" data-settings=\"{&quot;background_background&quot;:&quot;classic&quot;,&quot;animation&quot;:&quot;none&quot;,&quot;_ha_eqh_enable&quot;:false}\">\n\t\t\t\t<div class=\"elementor-element elementor-element-d5a25e1 elementor-absolute elementor-widget elementor-widget-image\" data-id=\"d5a25e1\" data-element_type=\"widget\" data-settings=\"{&quot;_position&quot;:&quot;absolute&quot;}\" data-widget_type=\"image.default\">\n\t\t\t\t<div class=\"elementor-widget-container\">\n\t\t\t\t\t\t\t\t\t\t\t\t\t\t\t\t<a href=\"#canek\">\n\t\t\t\t\t\t\t<img decoding=\"async\" width=\"475\" height=\"713\" src=\"https:\/\/www.carlossanchezvinos.com\/wp-content\/uploads\/2025\/08\/Canek-1.jpeg\" class=\"attachment-large size-large wp-image-9276\" alt=\"\" srcset=\"https:\/\/www.carlossanchezvinos.com\/wp-content\/uploads\/2025\/08\/Canek-1.jpeg 475w, https:\/\/www.carlossanchezvinos.com\/wp-content\/uploads\/2025\/08\/Canek-1-200x300.jpeg 200w\" sizes=\"(max-width: 475px) 100vw, 475px\" \/>\t\t\t\t\t\t\t\t<\/a>\n\t\t\t\t\t\t\t\t\t\t\t\t\t\t\t<\/div>\n\t\t\t\t<\/div>\n\t\t\t\t<div class=\"elementor-element elementor-element-5b38ede hover-box elementor-widget elementor-widget-heading\" data-id=\"5b38ede\" data-element_type=\"widget\" data-widget_type=\"heading.default\">\n\t\t\t\t<div class=\"elementor-widget-container\">\n\t\t\t\t\t<h2 class=\"elementor-heading-title elementor-size-default\"><a href=\"#canek\">Canek<\/a><\/h2>\t\t\t\t<\/div>\n\t\t\t\t<\/div>\n\t\t\t\t<\/div>\n\t\t\t\t\t<\/div>\n\t\t\t\t<\/div>\n\t\t<div class=\"elementor-element elementor-element-c297f15 elementor-hidden-desktop e-flex e-con-boxed e-con e-parent\" data-id=\"c297f15\" data-element_type=\"container\" data-settings=\"{&quot;_ha_eqh_enable&quot;:false}\">\n\t\t\t\t\t<div class=\"e-con-inner\">\n\t\t<div class=\"elementor-element elementor-element-0411a6e e-con-full e-flex e-con e-child\" data-id=\"0411a6e\" data-element_type=\"container\" data-settings=\"{&quot;background_background&quot;:&quot;classic&quot;,&quot;animation&quot;:&quot;none&quot;,&quot;_ha_eqh_enable&quot;:false}\">\n\t\t\t\t<div class=\"elementor-element elementor-element-d4931a2 elementor-absolute elementor-widget elementor-widget-image\" data-id=\"d4931a2\" data-element_type=\"widget\" data-settings=\"{&quot;_position&quot;:&quot;absolute&quot;}\" data-widget_type=\"image.default\">\n\t\t\t\t<div class=\"elementor-widget-container\">\n\t\t\t\t\t\t\t\t\t\t\t\t\t\t\t\t<a href=\"#3vinerones\">\n\t\t\t\t\t\t\t<img fetchpriority=\"high\" decoding=\"async\" width=\"533\" height=\"800\" src=\"https:\/\/www.carlossanchezvinos.com\/wp-content\/uploads\/2025\/08\/3-VINERONES-2-1-533x800.jpg\" class=\"attachment-large size-large wp-image-9452\" alt=\"\" srcset=\"https:\/\/www.carlossanchezvinos.com\/wp-content\/uploads\/2025\/08\/3-VINERONES-2-1-533x800.jpg 533w, https:\/\/www.carlossanchezvinos.com\/wp-content\/uploads\/2025\/08\/3-VINERONES-2-1-200x300.jpg 200w, https:\/\/www.carlossanchezvinos.com\/wp-content\/uploads\/2025\/08\/3-VINERONES-2-1.jpg 720w\" sizes=\"(max-width: 533px) 100vw, 533px\" \/>\t\t\t\t\t\t\t\t<\/a>\n\t\t\t\t\t\t\t\t\t\t\t\t\t\t\t<\/div>\n\t\t\t\t<\/div>\n\t\t\t\t<div class=\"elementor-element elementor-element-67236b6 hover-box elementor-widget elementor-widget-heading\" data-id=\"67236b6\" data-element_type=\"widget\" data-widget_type=\"heading.default\">\n\t\t\t\t<div class=\"elementor-widget-container\">\n\t\t\t\t\t<h2 class=\"elementor-heading-title elementor-size-default\"><a href=\"#3vinerones\">3 Vi\u00f1erones<\/a><\/h2>\t\t\t\t<\/div>\n\t\t\t\t<\/div>\n\t\t\t\t<\/div>\n\t\t<div class=\"elementor-element elementor-element-96df764 e-con-full e-flex e-con e-child\" data-id=\"96df764\" data-element_type=\"container\" data-settings=\"{&quot;background_background&quot;:&quot;classic&quot;,&quot;animation&quot;:&quot;none&quot;,&quot;_ha_eqh_enable&quot;:false}\">\n\t\t\t\t<div class=\"elementor-element elementor-element-264515a elementor-absolute elementor-widget elementor-widget-image\" data-id=\"264515a\" data-element_type=\"widget\" data-settings=\"{&quot;_position&quot;:&quot;absolute&quot;}\" data-widget_type=\"image.default\">\n\t\t\t\t<div class=\"elementor-widget-container\">\n\t\t\t\t\t\t\t\t\t\t\t\t\t\t\t\t<a href=\"#canek\">\n\t\t\t\t\t\t\t<img decoding=\"async\" width=\"475\" height=\"713\" src=\"https:\/\/www.carlossanchezvinos.com\/wp-content\/uploads\/2025\/08\/Canek-1.jpeg\" class=\"attachment-large size-large wp-image-9276\" alt=\"\" srcset=\"https:\/\/www.carlossanchezvinos.com\/wp-content\/uploads\/2025\/08\/Canek-1.jpeg 475w, https:\/\/www.carlossanchezvinos.com\/wp-content\/uploads\/2025\/08\/Canek-1-200x300.jpeg 200w\" sizes=\"(max-width: 475px) 100vw, 475px\" \/>\t\t\t\t\t\t\t\t<\/a>\n\t\t\t\t\t\t\t\t\t\t\t\t\t\t\t<\/div>\n\t\t\t\t<\/div>\n\t\t\t\t<div class=\"elementor-element elementor-element-5664dfc hover-box elementor-widget elementor-widget-heading\" data-id=\"5664dfc\" data-element_type=\"widget\" data-widget_type=\"heading.default\">\n\t\t\t\t<div class=\"elementor-widget-container\">\n\t\t\t\t\t<h2 class=\"elementor-heading-title elementor-size-default\"><a href=\"#canek\">Canek<\/a><\/h2>\t\t\t\t<\/div>\n\t\t\t\t<\/div>\n\t\t\t\t<\/div>\n\t\t\t\t\t<\/div>\n\t\t\t\t<\/div>\n\t\t<div class=\"elementor-element elementor-element-c7ef3fe e-flex e-con-boxed e-con e-parent\" data-id=\"c7ef3fe\" data-element_type=\"container\" id=\"3vinerones\" data-settings=\"{&quot;_ha_eqh_enable&quot;:false}\">\n\t\t\t\t\t<div class=\"e-con-inner\">\n\t\t<div class=\"elementor-element elementor-element-1a2686f e-con-full e-flex e-con e-child\" data-id=\"1a2686f\" data-element_type=\"container\" data-settings=\"{&quot;_ha_eqh_enable&quot;:false}\">\n\t\t\t\t<div class=\"elementor-element elementor-element-892fa0f animated-slow elementor-invisible elementor-widget elementor-widget-image\" data-id=\"892fa0f\" data-element_type=\"widget\" data-settings=\"{&quot;_animation&quot;:&quot;fadeIn&quot;}\" data-widget_type=\"image.default\">\n\t\t\t\t<div class=\"elementor-widget-container\">\n\t\t\t\t\t\t\t\t\t\t\t\t\t\t\t<img fetchpriority=\"high\" decoding=\"async\" width=\"533\" height=\"800\" src=\"https:\/\/www.carlossanchezvinos.com\/wp-content\/uploads\/2025\/08\/3-VINERONES-2-1-533x800.jpg\" class=\"attachment-large size-large wp-image-9452\" alt=\"\" srcset=\"https:\/\/www.carlossanchezvinos.com\/wp-content\/uploads\/2025\/08\/3-VINERONES-2-1-533x800.jpg 533w, https:\/\/www.carlossanchezvinos.com\/wp-content\/uploads\/2025\/08\/3-VINERONES-2-1-200x300.jpg 200w, https:\/\/www.carlossanchezvinos.com\/wp-content\/uploads\/2025\/08\/3-VINERONES-2-1.jpg 720w\" sizes=\"(max-width: 533px) 100vw, 533px\" \/>\t\t\t\t\t\t\t\t\t\t\t\t\t\t\t<\/div>\n\t\t\t\t<\/div>\n\t\t\t\t<\/div>\n\t\t<div class=\"elementor-element elementor-element-46746d0 e-con-full e-flex elementor-invisible e-con e-child\" data-id=\"46746d0\" data-element_type=\"container\" data-settings=\"{&quot;animation&quot;:&quot;fadeInRight&quot;,&quot;_ha_eqh_enable&quot;:false}\">\n\t\t\t\t<div class=\"elementor-element elementor-element-ed3e33d elementor-widget elementor-widget-heading\" data-id=\"ed3e33d\" data-element_type=\"widget\" data-widget_type=\"heading.default\">\n\t\t\t\t<div class=\"elementor-widget-container\">\n\t\t\t\t\t<h2 class=\"elementor-heading-title elementor-size-default\">3 Vi\u00f1erones<\/h2>\t\t\t\t<\/div>\n\t\t\t\t<\/div>\n\t\t\t\t<div class=\"elementor-element elementor-element-93a53bd elementor-widget elementor-widget-text-editor\" data-id=\"93a53bd\" data-element_type=\"widget\" data-widget_type=\"text-editor.default\">\n\t\t\t\t<div class=\"elementor-widget-container\">\n\t\t\t\t\t\t\t\t\t<p><span style=\"font-weight: 400;\">3 Vi\u00f1erones\u00a0is a project founded in\u00a0Rioja, in 2015, by three friends:\u00a0Javier Garc\u00eda\u00a0(<\/span><i><span style=\"font-weight: 400;\">4 Monos<\/span><\/i><span style=\"font-weight: 400;\">),\u00a0Nacho Jim\u00e9nez\u00a0(<\/span><i><span style=\"font-weight: 400;\">La Tintorer\u00eda<\/span><\/i><span style=\"font-weight: 400;\">), and\u00a0Carlos S\u00e1nchez. United by a\u00a0shared passion for a style and philosophy of winemaking\u00a0\u2014based on respect for the land, its people, and their way of working the vineyards\u2014 they created a collaborative project.<\/span><\/p>\n<p><span style=\"font-weight: 400;\">It all began with the opportunity to produce a wine,\u00a0La Esquirla del Bardallo, from an exceptional vineyard located in the village of\u00a0San Vicente de la Sonsierra, in Rioja Alta, in a unique area known as\u00a0El Bardallo.<\/span><span style=\"font-weight: 400;\"><br \/>\n<\/span><span style=\"font-weight: 400;\">Years later, the project gave birth to its second wine:\u00a0Sedal.<\/span><\/p>\n\t\t\t\t\t\t\t\t<\/div>\n\t\t\t\t<\/div>\n\t\t\t\t<div class=\"elementor-element elementor-element-d3791e4 elementor-icon-list--layout-traditional elementor-list-item-link-full_width elementor-widget elementor-widget-icon-list\" data-id=\"d3791e4\" data-element_type=\"widget\" data-widget_type=\"icon-list.default\">\n\t\t\t\t<div class=\"elementor-widget-container\">\n\t\t\t\t\t\t\t<ul class=\"elementor-icon-list-items\">\n\t\t\t\t\t\t\t<li class=\"elementor-icon-list-item\">\n\t\t\t\t\t\t\t\t\t\t\t<a href=\"https:\/\/www.instagram.com\/3_vinerones\/\" target=\"_blank\">\n\n\t\t\t\t\t\t\t\t\t\t\t\t<span class=\"elementor-icon-list-icon\">\n\t\t\t\t\t\t\t<i aria-hidden=\"true\" class=\"fab fa-instagram\"><\/i>\t\t\t\t\t\t<\/span>\n\t\t\t\t\t\t\t\t\t\t<span class=\"elementor-icon-list-text\">3_vinerones<\/span>\n\t\t\t\t\t\t\t\t\t\t\t<\/a>\n\t\t\t\t\t\t\t\t\t<\/li>\n\t\t\t\t\t\t<\/ul>\n\t\t\t\t\t\t<\/div>\n\t\t\t\t<\/div>\n\t\t\t\t<\/div>\n\t\t\t\t\t<\/div>\n\t\t\t\t<\/div>\n\t\t<div class=\"elementor-element elementor-element-1c6ecb6 e-flex e-con-boxed e-con e-parent\" data-id=\"1c6ecb6\" data-element_type=\"container\" id=\"canek\" data-settings=\"{&quot;_ha_eqh_enable&quot;:false}\">\n\t\t\t\t\t<div class=\"e-con-inner\">\n\t\t<div class=\"elementor-element elementor-element-41c97fd e-con-full e-flex e-con e-child\" data-id=\"41c97fd\" data-element_type=\"container\" data-settings=\"{&quot;_ha_eqh_enable&quot;:false}\">\n\t\t\t\t<div class=\"elementor-element elementor-element-c4b9f73 animated-slow elementor-invisible elementor-widget elementor-widget-image\" data-id=\"c4b9f73\" data-element_type=\"widget\" data-settings=\"{&quot;_animation&quot;:&quot;fadeIn&quot;}\" data-widget_type=\"image.default\">\n\t\t\t\t<div class=\"elementor-widget-container\">\n\t\t\t\t\t\t\t\t\t\t\t\t\t\t\t<img decoding=\"async\" width=\"475\" height=\"713\" src=\"https:\/\/www.carlossanchezvinos.com\/wp-content\/uploads\/2025\/08\/Canek-1.jpeg\" class=\"attachment-large size-large wp-image-9276\" alt=\"\" srcset=\"https:\/\/www.carlossanchezvinos.com\/wp-content\/uploads\/2025\/08\/Canek-1.jpeg 475w, https:\/\/www.carlossanchezvinos.com\/wp-content\/uploads\/2025\/08\/Canek-1-200x300.jpeg 200w\" sizes=\"(max-width: 475px) 100vw, 475px\" \/>\t\t\t\t\t\t\t\t\t\t\t\t\t\t\t<\/div>\n\t\t\t\t<\/div>\n\t\t\t\t<\/div>\n\t\t<div class=\"elementor-element elementor-element-9b39403 e-con-full e-flex elementor-invisible e-con e-child\" data-id=\"9b39403\" data-element_type=\"container\" data-settings=\"{&quot;animation&quot;:&quot;fadeInLeft&quot;,&quot;_ha_eqh_enable&quot;:false}\">\n\t\t\t\t<div class=\"elementor-element elementor-element-a6da6df elementor-widget elementor-widget-heading\" data-id=\"a6da6df\" data-element_type=\"widget\" data-widget_type=\"heading.default\">\n\t\t\t\t<div class=\"elementor-widget-container\">\n\t\t\t\t\t<h2 class=\"elementor-heading-title elementor-size-default\">Canek<\/h2>\t\t\t\t<\/div>\n\t\t\t\t<\/div>\n\t\t\t\t<div class=\"elementor-element elementor-element-09e3c46 elementor-widget elementor-widget-text-editor\" data-id=\"09e3c46\" data-element_type=\"widget\" data-widget_type=\"text-editor.default\">\n\t\t\t\t<div class=\"elementor-widget-container\">\n\t\t\t\t\t\t\t\t\t<p><span style=\"font-weight: 400;\">Canek\u00a0is a creation by\u00a0Sergio Mujico Dur\u00e1n\u00a0<\/span><i><span style=\"font-weight: 400;\">(sommelier and owner of Calc\u00e1reo Wine Bar in Bilbao)<\/span><\/i><span style=\"font-weight: 400;\">\u00a0and\u00a0Carlos S\u00e1nchez. It is a red wine made from\u00a0garnacha\u00a0and\u00a0tempranillo\u00a0grown in\u00a0Cihuri, in a little-known yet magical area at the foothills of the\u00a0Montes Obarenes.<\/span><\/p>\n<p><span style=\"font-weight: 400;\">The vineyards are\u00a090-year-old bush-trained vines\u00a0planted at altitude. Harvesting is entirely manual, and fermentation is spontaneous, using the\u00a0wild yeasts naturally present on the grape skins.<\/span><\/p>\n\t\t\t\t\t\t\t\t<\/div>\n\t\t\t\t<\/div>\n\t\t\t\t<\/div>\n\t\t\t\t\t<\/div>\n\t\t\t\t<\/div>\n\t\t\t\t<\/div>\n\t\t","protected":false},"excerpt":{"rendered":"<p>Projects 3 Vi\u00f1erones Canek 3 Vi\u00f1erones Canek 3 Vi\u00f1erones 3 Vi\u00f1erones\u00a0is a project founded in\u00a0Rioja, in 2015, by three friends:\u00a0Javier Garc\u00eda\u00a0(4 Monos),\u00a0Nacho Jim\u00e9nez\u00a0(La Tintorer\u00eda), and\u00a0Carlos S\u00e1nchez. United by a\u00a0shared passion for a style and philosophy of winemaking\u00a0\u2014based on respect for the land, its people, and their way of working the vineyards\u2014 they created a collaborative [&hellip;]<\/p>\n","protected":false},"author":1,"featured_media":0,"parent":0,"menu_order":0,"comment_status":"closed","ping_status":"closed","template":"","meta":{"footnotes":""},"class_list":["post-9596","page","type-page","status-publish","hentry"],"aioseo_notices":[],"_links":{"self":[{"href":"https:\/\/www.carlossanchezvinos.com\/en\/wp-json\/wp\/v2\/pages\/9596","targetHints":{"allow":["GET"]}}],"collection":[{"href":"https:\/\/www.carlossanchezvinos.com\/en\/wp-json\/wp\/v2\/pages"}],"about":[{"href":"https:\/\/www.carlossanchezvinos.com\/en\/wp-json\/wp\/v2\/types\/page"}],"author":[{"embeddable":true,"href":"https:\/\/www.carlossanchezvinos.com\/en\/wp-json\/wp\/v2\/users\/1"}],"replies":[{"embeddable":true,"href":"https:\/\/www.carlossanchezvinos.com\/en\/wp-json\/wp\/v2\/comments?post=9596"}],"version-history":[{"count":1,"href":"https:\/\/www.carlossanchezvinos.com\/en\/wp-json\/wp\/v2\/pages\/9596\/revisions"}],"predecessor-version":[{"id":9597,"href":"https:\/\/www.carlossanchezvinos.com\/en\/wp-json\/wp\/v2\/pages\/9596\/revisions\/9597"}],"wp:attachment":[{"href":"https:\/\/www.carlossanchezvinos.com\/en\/wp-json\/wp\/v2\/media?parent=9596"}],"curies":[{"name":"wp","href":"https:\/\/api.w.org\/{rel}","templated":true}]}}