{"id":9582,"date":"2025-08-28T16:25:29","date_gmt":"2025-08-28T14:25:29","guid":{"rendered":"https:\/\/www.carlossanchezvinos.com\/wines\/"},"modified":"2025-11-28T16:34:17","modified_gmt":"2025-11-28T15:34:17","slug":"wines","status":"publish","type":"page","link":"https:\/\/www.carlossanchezvinos.com\/en\/wines\/","title":{"rendered":"Wines"},"content":{"rendered":"\t\t<div data-elementor-type=\"wp-page\" data-elementor-id=\"9582\" class=\"elementor elementor-9582 elementor-9580\" data-elementor-settings=\"{&quot;ha_cmc_init_switcher&quot;:&quot;no&quot;}\">\n\t\t\t\t<div class=\"elementor-element elementor-element-28aa4a4 e-flex e-con-boxed e-con e-parent\" data-id=\"28aa4a4\" data-element_type=\"container\" data-settings=\"{&quot;_ha_eqh_enable&quot;:false}\">\n\t\t\t\t\t<div class=\"e-con-inner\">\n\t\t\t\t<div class=\"elementor-element elementor-element-c52ffe9 elementor-invisible elementor-widget elementor-widget-heading\" data-id=\"c52ffe9\" data-element_type=\"widget\" data-settings=\"{&quot;_animation&quot;:&quot;fadeInDown&quot;}\" data-widget_type=\"heading.default\">\n\t\t\t\t<div class=\"elementor-widget-container\">\n\t\t\t\t\t<h1 class=\"elementor-heading-title elementor-size-default\">Wines<\/h1>\t\t\t\t<\/div>\n\t\t\t\t<\/div>\n\t\t\t\t\t<\/div>\n\t\t\t\t<\/div>\n\t\t<div class=\"elementor-element elementor-element-ca829d2 e-con-full e-flex e-con e-parent\" data-id=\"ca829d2\" data-element_type=\"container\" data-settings=\"{&quot;_ha_eqh_enable&quot;:false}\">\n\t\t<div class=\"elementor-element elementor-element-acdf85e e-con-full e-flex elementor-invisible e-con e-child\" data-id=\"acdf85e\" data-element_type=\"container\" data-settings=\"{&quot;animation&quot;:&quot;fadeIn&quot;,&quot;_ha_eqh_enable&quot;:false}\">\n\t\t\t\t<div class=\"elementor-element elementor-element-395cd97 elementor-widget elementor-widget-image\" data-id=\"395cd97\" data-element_type=\"widget\" data-widget_type=\"image.default\">\n\t\t\t\t<div class=\"elementor-widget-container\">\n\t\t\t\t\t\t\t\t\t\t\t\t\t\t\t\t<a href=\"https:\/\/www.carlossanchezvinos.com\/wp-content\/uploads\/2025\/11\/FichasCata_VinosCarlosSanchez_Eng_01-1.pdf\">\n\t\t\t\t\t\t\t<img fetchpriority=\"high\" decoding=\"async\" width=\"238\" height=\"800\" src=\"https:\/\/www.carlossanchezvinos.com\/wp-content\/uploads\/2025\/08\/1-1-238x800.png\" class=\"elementor-animation-float attachment-large size-large wp-image-9218\" alt=\"\" srcset=\"https:\/\/www.carlossanchezvinos.com\/wp-content\/uploads\/2025\/08\/1-1-238x800.png 238w, https:\/\/www.carlossanchezvinos.com\/wp-content\/uploads\/2025\/08\/1-1-89x300.png 89w\" sizes=\"(max-width: 238px) 100vw, 238px\" \/>\t\t\t\t\t\t\t\t<\/a>\n\t\t\t\t\t\t\t\t\t\t\t\t\t\t\t<\/div>\n\t\t\t\t<\/div>\n\t\t\t\t<div class=\"elementor-element elementor-element-72cebbb elementor-widget elementor-widget-heading\" data-id=\"72cebbb\" data-element_type=\"widget\" data-widget_type=\"heading.default\">\n\t\t\t\t<div class=\"elementor-widget-container\">\n\t\t\t\t\t<h3 class=\"elementor-heading-title elementor-size-default\"><a href=\"https:\/\/www.carlossanchezvinos.com\/wp-content\/uploads\/2025\/11\/FichasCata_VinosCarlosSanchez_Eng_01-1.pdf\"><span class=\"no_translate\">Veravier La Piedad<\/span><\/a><\/h3>\t\t\t\t<\/div>\n\t\t\t\t<\/div>\n\t\t\t\t<\/div>\n\t\t<div class=\"elementor-element elementor-element-920087d e-con-full e-flex elementor-invisible e-con e-child\" data-id=\"920087d\" data-element_type=\"container\" data-settings=\"{&quot;animation&quot;:&quot;fadeIn&quot;,&quot;animation_delay&quot;:100,&quot;_ha_eqh_enable&quot;:false}\">\n\t\t\t\t<div class=\"elementor-element elementor-element-97d2e17 elementor-widget elementor-widget-image\" data-id=\"97d2e17\" data-element_type=\"widget\" data-widget_type=\"image.default\">\n\t\t\t\t<div class=\"elementor-widget-container\">\n\t\t\t\t\t\t\t\t\t\t\t\t\t\t\t\t<a href=\"https:\/\/www.carlossanchezvinos.com\/wp-content\/uploads\/2025\/11\/FichasCata_VinosCarlosSanchez_Eng_02-1.pdf\" target=\"_blank\">\n\t\t\t\t\t\t\t<img decoding=\"async\" width=\"238\" height=\"800\" src=\"https:\/\/www.carlossanchezvinos.com\/wp-content\/uploads\/2025\/08\/9-238x800.png\" class=\"elementor-animation-float attachment-large size-large wp-image-9220\" alt=\"\" srcset=\"https:\/\/www.carlossanchezvinos.com\/wp-content\/uploads\/2025\/08\/9-238x800.png 238w, https:\/\/www.carlossanchezvinos.com\/wp-content\/uploads\/2025\/08\/9-89x300.png 89w\" sizes=\"(max-width: 238px) 100vw, 238px\" \/>\t\t\t\t\t\t\t\t<\/a>\n\t\t\t\t\t\t\t\t\t\t\t\t\t\t\t<\/div>\n\t\t\t\t<\/div>\n\t\t\t\t<div class=\"elementor-element elementor-element-80df150 elementor-widget elementor-widget-heading\" data-id=\"80df150\" data-element_type=\"widget\" data-widget_type=\"heading.default\">\n\t\t\t\t<div class=\"elementor-widget-container\">\n\t\t\t\t\t<h3 class=\"elementor-heading-title elementor-size-default\"><a href=\"https:\/\/www.carlossanchezvinos.com\/wp-content\/uploads\/2025\/11\/FichasCata_VinosCarlosSanchez_Eng_02-1.pdf\" target=\"_blank\"><span class=\"no_translate\">1er Los Montes Bellos del Burad\u00f3n Blanco<\/span><\/a><\/h3>\t\t\t\t<\/div>\n\t\t\t\t<\/div>\n\t\t\t\t<\/div>\n\t\t<div class=\"elementor-element elementor-element-0888bf7 e-con-full e-flex elementor-invisible e-con e-child\" data-id=\"0888bf7\" data-element_type=\"container\" data-settings=\"{&quot;animation&quot;:&quot;fadeIn&quot;,&quot;animation_delay&quot;:200,&quot;_ha_eqh_enable&quot;:false}\">\n\t\t\t\t<div class=\"elementor-element elementor-element-153edaa elementor-widget elementor-widget-image\" data-id=\"153edaa\" data-element_type=\"widget\" data-widget_type=\"image.default\">\n\t\t\t\t<div class=\"elementor-widget-container\">\n\t\t\t\t\t\t\t\t\t\t\t\t\t\t\t\t<a href=\"https:\/\/www.carlossanchezvinos.com\/wp-content\/uploads\/2025\/11\/FichasCata_VinosCarlosSanchez_Eng_03-1.pdf\" target=\"_blank\">\n\t\t\t\t\t\t\t<img decoding=\"async\" width=\"238\" height=\"800\" src=\"https:\/\/www.carlossanchezvinos.com\/wp-content\/uploads\/2025\/08\/8-238x800.png\" class=\"elementor-animation-float attachment-large size-large wp-image-9222\" alt=\"\" srcset=\"https:\/\/www.carlossanchezvinos.com\/wp-content\/uploads\/2025\/08\/8-238x800.png 238w, https:\/\/www.carlossanchezvinos.com\/wp-content\/uploads\/2025\/08\/8-89x300.png 89w\" sizes=\"(max-width: 238px) 100vw, 238px\" \/>\t\t\t\t\t\t\t\t<\/a>\n\t\t\t\t\t\t\t\t\t\t\t\t\t\t\t<\/div>\n\t\t\t\t<\/div>\n\t\t\t\t<div class=\"elementor-element elementor-element-1a7bc53 elementor-widget elementor-widget-heading\" data-id=\"1a7bc53\" data-element_type=\"widget\" data-widget_type=\"heading.default\">\n\t\t\t\t<div class=\"elementor-widget-container\">\n\t\t\t\t\t<h3 class=\"elementor-heading-title elementor-size-default\"><a href=\"https:\/\/www.carlossanchezvinos.com\/wp-content\/uploads\/2025\/11\/FichasCata_VinosCarlosSanchez_Eng_03-1.pdf\" target=\"_blank\"><span class=\"no_translate\">1er Los Montes Bellos del Burad\u00f3n Tinto<\/span><\/a><\/h3>\t\t\t\t<\/div>\n\t\t\t\t<\/div>\n\t\t\t\t<\/div>\n\t\t<div class=\"elementor-element elementor-element-fc9deb8 e-con-full e-flex elementor-invisible e-con e-child\" data-id=\"fc9deb8\" data-element_type=\"container\" data-settings=\"{&quot;animation&quot;:&quot;fadeIn&quot;,&quot;animation_delay&quot;:300,&quot;_ha_eqh_enable&quot;:false}\">\n\t\t\t\t<div class=\"elementor-element elementor-element-1b73adc elementor-widget elementor-widget-image\" data-id=\"1b73adc\" data-element_type=\"widget\" data-widget_type=\"image.default\">\n\t\t\t\t<div class=\"elementor-widget-container\">\n\t\t\t\t\t\t\t\t\t\t\t\t\t\t\t\t<a href=\"https:\/\/www.carlossanchezvinos.com\/wp-content\/uploads\/2025\/11\/FichasCata_VinosCarlosSanchez_Eng_07-1.pdf\" target=\"_blank\">\n\t\t\t\t\t\t\t<img loading=\"lazy\" decoding=\"async\" width=\"238\" height=\"800\" src=\"https:\/\/www.carlossanchezvinos.com\/wp-content\/uploads\/2025\/08\/3-238x800.png\" class=\"elementor-animation-float attachment-large size-large wp-image-9224\" alt=\"\" srcset=\"https:\/\/www.carlossanchezvinos.com\/wp-content\/uploads\/2025\/08\/3-238x800.png 238w, https:\/\/www.carlossanchezvinos.com\/wp-content\/uploads\/2025\/08\/3-89x300.png 89w\" sizes=\"(max-width: 238px) 100vw, 238px\" \/>\t\t\t\t\t\t\t\t<\/a>\n\t\t\t\t\t\t\t\t\t\t\t\t\t\t\t<\/div>\n\t\t\t\t<\/div>\n\t\t\t\t<div class=\"elementor-element elementor-element-21136f8 elementor-widget elementor-widget-heading\" data-id=\"21136f8\" data-element_type=\"widget\" data-widget_type=\"heading.default\">\n\t\t\t\t<div class=\"elementor-widget-container\">\n\t\t\t\t\t<h3 class=\"elementor-heading-title elementor-size-default\"><a href=\"https:\/\/www.carlossanchezvinos.com\/wp-content\/uploads\/2025\/11\/FichasCata_VinosCarlosSanchez_Eng_07-1.pdf\" target=\"_blank\"><span class=\"no_translate\">La Bendecida<\/span><\/a><\/h3>\t\t\t\t<\/div>\n\t\t\t\t<\/div>\n\t\t\t\t<\/div>\n\t\t<div class=\"elementor-element elementor-element-8977a11 e-con-full e-flex elementor-invisible e-con e-child\" data-id=\"8977a11\" data-element_type=\"container\" data-settings=\"{&quot;animation&quot;:&quot;fadeIn&quot;,&quot;animation_delay&quot;:400,&quot;_ha_eqh_enable&quot;:false}\">\n\t\t\t\t<div class=\"elementor-element elementor-element-aaa97a5 elementor-widget elementor-widget-image\" data-id=\"aaa97a5\" data-element_type=\"widget\" data-widget_type=\"image.default\">\n\t\t\t\t<div class=\"elementor-widget-container\">\n\t\t\t\t\t\t\t\t\t\t\t\t\t\t\t\t<a href=\"https:\/\/www.carlossanchezvinos.com\/wp-content\/uploads\/2025\/11\/FichasCata_VinosCarlosSanchez_Eng_04-1.pdf\" target=\"_blank\">\n\t\t\t\t\t\t\t<img loading=\"lazy\" decoding=\"async\" width=\"238\" height=\"800\" src=\"https:\/\/www.carlossanchezvinos.com\/wp-content\/uploads\/2025\/08\/2-238x800.png\" class=\"elementor-animation-float attachment-large size-large wp-image-9226\" alt=\"\" srcset=\"https:\/\/www.carlossanchezvinos.com\/wp-content\/uploads\/2025\/08\/2-238x800.png 238w, https:\/\/www.carlossanchezvinos.com\/wp-content\/uploads\/2025\/08\/2-89x300.png 89w\" sizes=\"(max-width: 238px) 100vw, 238px\" \/>\t\t\t\t\t\t\t\t<\/a>\n\t\t\t\t\t\t\t\t\t\t\t\t\t\t\t<\/div>\n\t\t\t\t<\/div>\n\t\t\t\t<div class=\"elementor-element elementor-element-e3367d8 elementor-widget elementor-widget-heading\" data-id=\"e3367d8\" data-element_type=\"widget\" data-widget_type=\"heading.default\">\n\t\t\t\t<div class=\"elementor-widget-container\">\n\t\t\t\t\t<h3 class=\"elementor-heading-title elementor-size-default\"><a href=\"https:\/\/www.carlossanchezvinos.com\/wp-content\/uploads\/2025\/11\/FichasCata_VinosCarlosSanchez_Eng_04-1.pdf\" target=\"_blank\"><span class=\"no_translate\">Los Radales del Burad\u00f3n<\/span><\/a><\/h3>\t\t\t\t<\/div>\n\t\t\t\t<\/div>\n\t\t\t\t<\/div>\n\t\t<div class=\"elementor-element elementor-element-13ae524 e-con-full e-flex elementor-invisible e-con e-child\" data-id=\"13ae524\" data-element_type=\"container\" data-settings=\"{&quot;animation&quot;:&quot;fadeIn&quot;,&quot;animation_delay&quot;:500,&quot;_ha_eqh_enable&quot;:false}\">\n\t\t\t\t<div class=\"elementor-element elementor-element-8381505 elementor-widget elementor-widget-image\" data-id=\"8381505\" data-element_type=\"widget\" data-widget_type=\"image.default\">\n\t\t\t\t<div class=\"elementor-widget-container\">\n\t\t\t\t\t\t\t\t\t\t\t\t\t\t\t\t<a href=\"https:\/\/www.carlossanchezvinos.com\/wp-content\/uploads\/2025\/11\/FichasCata_VinosCarlosSanchez_Eng_05-1.pdf\" target=\"_blank\">\n\t\t\t\t\t\t\t<img loading=\"lazy\" decoding=\"async\" width=\"238\" height=\"800\" src=\"https:\/\/www.carlossanchezvinos.com\/wp-content\/uploads\/2025\/08\/4-238x800.png\" class=\"elementor-animation-float attachment-large size-large wp-image-9228\" alt=\"\" srcset=\"https:\/\/www.carlossanchezvinos.com\/wp-content\/uploads\/2025\/08\/4-238x800.png 238w, https:\/\/www.carlossanchezvinos.com\/wp-content\/uploads\/2025\/08\/4-89x300.png 89w\" sizes=\"(max-width: 238px) 100vw, 238px\" \/>\t\t\t\t\t\t\t\t<\/a>\n\t\t\t\t\t\t\t\t\t\t\t\t\t\t\t<\/div>\n\t\t\t\t<\/div>\n\t\t\t\t<div class=\"elementor-element elementor-element-58f2d19 elementor-widget elementor-widget-heading\" data-id=\"58f2d19\" data-element_type=\"widget\" data-widget_type=\"heading.default\">\n\t\t\t\t<div class=\"elementor-widget-container\">\n\t\t\t\t\t<h3 class=\"elementor-heading-title elementor-size-default\"><a href=\"https:\/\/www.carlossanchezvinos.com\/wp-content\/uploads\/2025\/11\/FichasCata_VinosCarlosSanchez_Eng_05-1.pdf\" target=\"_blank\"><span class=\"no_translate\">Burad\u00f3n - Las Plegarias Tinto<\/span><\/a><\/h3>\t\t\t\t<\/div>\n\t\t\t\t<\/div>\n\t\t\t\t<\/div>\n\t\t<div class=\"elementor-element elementor-element-907f7aa e-con-full e-flex elementor-invisible e-con e-child\" data-id=\"907f7aa\" data-element_type=\"container\" data-settings=\"{&quot;animation&quot;:&quot;fadeIn&quot;,&quot;animation_delay&quot;:600,&quot;_ha_eqh_enable&quot;:false}\">\n\t\t\t\t<div class=\"elementor-element elementor-element-785b0cf elementor-widget elementor-widget-image\" data-id=\"785b0cf\" data-element_type=\"widget\" data-widget_type=\"image.default\">\n\t\t\t\t<div class=\"elementor-widget-container\">\n\t\t\t\t\t\t\t\t\t\t\t\t\t\t\t\t<a href=\"https:\/\/www.carlossanchezvinos.com\/wp-content\/uploads\/2025\/11\/FichasCata_VinosCarlosSanchez_Eng_06-1.pdf\" target=\"_blank\">\n\t\t\t\t\t\t\t<img loading=\"lazy\" decoding=\"async\" width=\"238\" height=\"800\" src=\"https:\/\/www.carlossanchezvinos.com\/wp-content\/uploads\/2025\/08\/5-238x800.png\" class=\"elementor-animation-float attachment-large size-large wp-image-9230\" alt=\"\" srcset=\"https:\/\/www.carlossanchezvinos.com\/wp-content\/uploads\/2025\/08\/5-238x800.png 238w, https:\/\/www.carlossanchezvinos.com\/wp-content\/uploads\/2025\/08\/5-89x300.png 89w\" sizes=\"(max-width: 238px) 100vw, 238px\" \/>\t\t\t\t\t\t\t\t<\/a>\n\t\t\t\t\t\t\t\t\t\t\t\t\t\t\t<\/div>\n\t\t\t\t<\/div>\n\t\t\t\t<div class=\"elementor-element elementor-element-c270665 elementor-widget elementor-widget-heading\" data-id=\"c270665\" data-element_type=\"widget\" data-widget_type=\"heading.default\">\n\t\t\t\t<div class=\"elementor-widget-container\">\n\t\t\t\t\t<h3 class=\"elementor-heading-title elementor-size-default\"><a href=\"https:\/\/www.carlossanchezvinos.com\/wp-content\/uploads\/2025\/11\/FichasCata_VinosCarlosSanchez_Eng_06-1.pdf\" target=\"_blank\"><span class=\"no_translate\">Burad\u00f3n - Las Plegarias Blanco<\/span><\/a><\/h3>\t\t\t\t<\/div>\n\t\t\t\t<\/div>\n\t\t\t\t<\/div>\n\t\t<div class=\"elementor-element elementor-element-a3fc21c e-con-full e-flex elementor-invisible e-con e-child\" data-id=\"a3fc21c\" data-element_type=\"container\" data-settings=\"{&quot;animation&quot;:&quot;fadeIn&quot;,&quot;animation_delay&quot;:700,&quot;_ha_eqh_enable&quot;:false}\">\n\t\t\t\t<div class=\"elementor-element elementor-element-c8eec04 elementor-widget elementor-widget-image\" data-id=\"c8eec04\" data-element_type=\"widget\" data-widget_type=\"image.default\">\n\t\t\t\t<div class=\"elementor-widget-container\">\n\t\t\t\t\t\t\t\t\t\t\t\t\t\t\t\t<a href=\"https:\/\/www.carlossanchezvinos.com\/wp-content\/uploads\/2025\/11\/FichasCata_VinosCarlosSanchez_Eng_08-1.pdf\" target=\"_blank\">\n\t\t\t\t\t\t\t<img loading=\"lazy\" decoding=\"async\" width=\"238\" height=\"800\" src=\"https:\/\/www.carlossanchezvinos.com\/wp-content\/uploads\/2025\/08\/6-238x800.png\" class=\"elementor-animation-float attachment-large size-large wp-image-9232\" alt=\"\" srcset=\"https:\/\/www.carlossanchezvinos.com\/wp-content\/uploads\/2025\/08\/6-238x800.png 238w, https:\/\/www.carlossanchezvinos.com\/wp-content\/uploads\/2025\/08\/6-89x300.png 89w\" sizes=\"(max-width: 238px) 100vw, 238px\" \/>\t\t\t\t\t\t\t\t<\/a>\n\t\t\t\t\t\t\t\t\t\t\t\t\t\t\t<\/div>\n\t\t\t\t<\/div>\n\t\t\t\t<div class=\"elementor-element elementor-element-0bcdfac elementor-widget elementor-widget-heading\" data-id=\"0bcdfac\" data-element_type=\"widget\" data-widget_type=\"heading.default\">\n\t\t\t\t<div class=\"elementor-widget-container\">\n\t\t\t\t\t<h3 class=\"elementor-heading-title elementor-size-default\"><a href=\"https:\/\/www.carlossanchezvinos.com\/wp-content\/uploads\/2025\/11\/FichasCata_VinosCarlosSanchez_Eng_08-1.pdf\" target=\"_blank\"><span class=\"no_translate\">Bienlarm\u00e9<\/span><\/a><\/h3>\t\t\t\t<\/div>\n\t\t\t\t<\/div>\n\t\t\t\t<\/div>\n\t\t<div class=\"elementor-element elementor-element-639c8a4 e-con-full e-flex elementor-invisible e-con e-child\" data-id=\"639c8a4\" data-element_type=\"container\" data-settings=\"{&quot;animation&quot;:&quot;fadeIn&quot;,&quot;animation_delay&quot;:800,&quot;_ha_eqh_enable&quot;:false}\">\n\t\t\t\t<div class=\"elementor-element elementor-element-0e3c390 elementor-widget elementor-widget-image\" data-id=\"0e3c390\" data-element_type=\"widget\" data-widget_type=\"image.default\">\n\t\t\t\t<div class=\"elementor-widget-container\">\n\t\t\t\t\t\t\t\t\t\t\t\t\t\t\t\t<a href=\"https:\/\/www.carlossanchezvinos.com\/wp-content\/uploads\/2025\/11\/FichasCata_VinosCarlosSanchez_Eng_09-1.pdf\" target=\"_blank\">\n\t\t\t\t\t\t\t<img loading=\"lazy\" decoding=\"async\" width=\"238\" height=\"800\" src=\"https:\/\/www.carlossanchezvinos.com\/wp-content\/uploads\/2025\/08\/7-238x800.png\" class=\"elementor-animation-float attachment-large size-large wp-image-9250\" alt=\"\" srcset=\"https:\/\/www.carlossanchezvinos.com\/wp-content\/uploads\/2025\/08\/7-238x800.png 238w, https:\/\/www.carlossanchezvinos.com\/wp-content\/uploads\/2025\/08\/7-89x300.png 89w\" sizes=\"(max-width: 238px) 100vw, 238px\" \/>\t\t\t\t\t\t\t\t<\/a>\n\t\t\t\t\t\t\t\t\t\t\t\t\t\t\t<\/div>\n\t\t\t\t<\/div>\n\t\t\t\t<div class=\"elementor-element elementor-element-bbca2da elementor-widget elementor-widget-heading\" data-id=\"bbca2da\" data-element_type=\"widget\" data-widget_type=\"heading.default\">\n\t\t\t\t<div class=\"elementor-widget-container\">\n\t\t\t\t\t<h3 class=\"elementor-heading-title elementor-size-default\"><a href=\"https:\/\/www.carlossanchezvinos.com\/wp-content\/uploads\/2025\/11\/FichasCata_VinosCarlosSanchez_Eng_09-1.pdf\" target=\"_blank\"><span class=\"no_translate\">L\u00e1grimas Bellas<\/span><\/a><\/h3>\t\t\t\t<\/div>\n\t\t\t\t<\/div>\n\t\t\t\t<\/div>\n\t\t\t\t<\/div>\n\t\t\t\t<\/div>\n\t\t","protected":false},"excerpt":{"rendered":"<p>Wines Veravier La Piedad 1er Los Montes Bellos del Burad\u00f3n Blanco 1er Los Montes Bellos del Burad\u00f3n Tinto La Bendecida Los Radales del Burad\u00f3n Burad\u00f3n &#8211; Las Plegarias Tinto Burad\u00f3n &#8211; Las Plegarias Blanco Bienlarm\u00e9 L\u00e1grimas Bellas<\/p>\n","protected":false},"author":1,"featured_media":0,"parent":0,"menu_order":0,"comment_status":"closed","ping_status":"closed","template":"","meta":{"footnotes":""},"class_list":["post-9582","page","type-page","status-publish","hentry"],"aioseo_notices":[],"_links":{"self":[{"href":"https:\/\/www.carlossanchezvinos.com\/en\/wp-json\/wp\/v2\/pages\/9582","targetHints":{"allow":["GET"]}}],"collection":[{"href":"https:\/\/www.carlossanchezvinos.com\/en\/wp-json\/wp\/v2\/pages"}],"about":[{"href":"https:\/\/www.carlossanchezvinos.com\/en\/wp-json\/wp\/v2\/types\/page"}],"author":[{"embeddable":true,"href":"https:\/\/www.carlossanchezvinos.com\/en\/wp-json\/wp\/v2\/users\/1"}],"replies":[{"embeddable":true,"href":"https:\/\/www.carlossanchezvinos.com\/en\/wp-json\/wp\/v2\/comments?post=9582"}],"version-history":[{"count":11,"href":"https:\/\/www.carlossanchezvinos.com\/en\/wp-json\/wp\/v2\/pages\/9582\/revisions"}],"predecessor-version":[{"id":9697,"href":"https:\/\/www.carlossanchezvinos.com\/en\/wp-json\/wp\/v2\/pages\/9582\/revisions\/9697"}],"wp:attachment":[{"href":"https:\/\/www.carlossanchezvinos.com\/en\/wp-json\/wp\/v2\/media?parent=9582"}],"curies":[{"name":"wp","href":"https:\/\/api.w.org\/{rel}","templated":true}]}}